{"id":2,"date":"2016-04-02T22:26:30","date_gmt":"2016-04-02T22:26:30","guid":{"rendered":"https:\/\/jokebuts.be\/iyengaryogacentre\/fr\/?page_id=2"},"modified":"2025-11-07T09:32:59","modified_gmt":"2025-11-07T08:32:59","slug":"a-propos","status":"publish","type":"page","link":"https:\/\/iyengaryogacentre.brussels\/fr\/a-propos\/","title":{"rendered":"A propos"},"content":{"rendered":"<div id=\"attachment_63\" style=\"width: 255px\" class=\"wp-caption alignright\"><img loading=\"lazy\" decoding=\"async\" aria-describedby=\"caption-attachment-63\" class=\"wp-image-63\" src=\"http:\/\/iyengaryogacentre.brussels\/wp-content\/uploads\/sites\/4\/2016\/05\/fotos-site-guruji-14-e1467368602526.jpg\" alt=\"B.K.S. Iyengar pratiquant le yoga \u2013 Fondateur de la m\u00e9thode Iyengar et ma\u00eetre de l\u2019alignement postural.\" width=\"245\" height=\"274\" \/><p id=\"caption-attachment-63\" class=\"wp-caption-text\">B.K.S. Iyengar pratiquant le yoga \u2013 Fondateur de la m\u00e9thode Iyengar et ma\u00eetre de l\u2019alignement postural.<\/p><\/div>\n<p>Le yoga est un <strong>art, une science et une philosophie<\/strong>. Il touche tous les aspects de la vie humaine\u2014<strong>physiques, mentaux et spirituels<\/strong>. Le yoga selon B.K.S. Iyengar repose sur les yogas sutras de Patanjali, et s\u2019appuie sur la pratique des Asanas (postures de yoga) et du Pranayama, la respiration yogique. C\u2019est une <strong>m\u00e9thode pratique<\/strong> qui apporte sens, utilit\u00e9 et noblesse \u00e0 la vie.<\/p>\n<p>Durant toute sa vie d\u2019intense pratique et d\u2019enseignement, B.K.S. Iyengar a recodifi\u00e9 et r\u00e9actualis\u00e9 ces techniques, d\u00e9finissant avec une pr\u00e9cision scientifique les actions r\u00e9alis\u00e9es par chaque partie du corps. Cette pr\u00e9cision technique permet d\u2019aligner le corps, les organes d\u2019action, les sens de perception, l\u2019esprit, l\u2019intelligence et la conscience, et harmonise les trillions de cellules, les reliant \u00e0 leur essence\u2014le <strong>voyant conscient int\u00e9rieur<\/strong>.<\/p>\n<p>La pr\u00e9cision cr\u00e9e l\u2019int\u00e9gration entre le corps, le mental et l\u2019intelligence, d\u00e9veloppant ainsi la profondeur de la perception et l\u2019expansion homog\u00e8ne de la conscience dans toutes les parties du corps. Cette approche permet au pratiquant d&rsquo;atteindre une v\u00e9ritable m\u00e9ditation en action, d\u2019exp\u00e9rimenter le yoga dans toute sa dimension et de ressentir la joie divine de toute la cr\u00e9ation. Le yogi partage alors <strong>Amrta<\/strong>, le nectar de la richesse divine et du bonheur, avec les autres.<\/p>\n<p>Nous commen\u00e7ons la pratique du yoga <strong>avec un but<\/strong>\u2014cela peut \u00eatre la sant\u00e9, le succ\u00e8s, ou l\u2019\u00e9mancipation. Cependant, au fur et \u00e0 mesure, nous r\u00e9alisons que <strong>le yoga n&rsquo;est pas seulement pour la sant\u00e9, le plaisir ou la lib\u00e9ration<\/strong>.<\/p>\n<p>Le yoga permet de se lib\u00e9rer des d\u00e9sirs et des motivations, en d\u00e9veloppant <strong>l\u2019intelligence discriminante<\/strong>, une intelligence qui prot\u00e8ge l\u2019esprit des tentations ext\u00e9rieures et l\u2019ancre \u00e0 l\u2019<strong>\u00e2me<\/strong>, qui reste immobile et toujours pr\u00e9sente. La pratique continue et d\u00e9vou\u00e9e du yoga permet ainsi de d\u00e9passer les pens\u00e9es et actions impulsives, offrant une v\u00e9ritable <strong>lib\u00e9ration, libre de toute souffrance<\/strong>.<\/p>\n<p>\u2014 <strong>Extrait de <a href=\"https:\/\/bksiyengar.com\/modules\/Referen\/YR\/yr1999.htm\" target=\"_blank\" rel=\"noopener noreferrer\"><em>Yoga Rahasya<\/em><\/a> de <a href=\"https:\/\/fr.wikipedia.org\/wiki\/Bellur_Krishnamachar_Sundararaja_Iyengar\" target=\"_blank\" rel=\"noopener noreferrer\">B.K.S. Iyengar<\/a><\/strong><\/p>\n","protected":false},"excerpt":{"rendered":"Le yoga est un art, une science et une philosophie. Il touche tous les aspects de la vie humaine\u2014physiques, mentaux et spirituels. Le yoga selon B.K.S. Iyengar repose sur les yogas sutras de Patanjali, et s\u2019appuie sur la pratique des Asanas (postures de yoga) et du Pranayama, la respiration yogique. C\u2019est une m\u00e9thode pratique qui&#8230; <a class=\"view-article\" href=\"https:\/\/iyengaryogacentre.brussels\/fr\/a-propos\/\">View Article<\/a>","protected":false},"author":1,"featured_media":0,"parent":0,"menu_order":0,"comment_status":"closed","ping_status":"open","template":"","meta":{"_themeisle_gutenberg_block_has_review":false,"footnotes":""},"class_list":["post-2","page","type-page","status-publish","hentry"],"aioseo_notices":[],"_links":{"self":[{"href":"https:\/\/iyengaryogacentre.brussels\/fr\/wp-json\/wp\/v2\/pages\/2","targetHints":{"allow":["GET"]}}],"collection":[{"href":"https:\/\/iyengaryogacentre.brussels\/fr\/wp-json\/wp\/v2\/pages"}],"about":[{"href":"https:\/\/iyengaryogacentre.brussels\/fr\/wp-json\/wp\/v2\/types\/page"}],"author":[{"embeddable":true,"href":"https:\/\/iyengaryogacentre.brussels\/fr\/wp-json\/wp\/v2\/users\/1"}],"replies":[{"embeddable":true,"href":"https:\/\/iyengaryogacentre.brussels\/fr\/wp-json\/wp\/v2\/comments?post=2"}],"version-history":[{"count":18,"href":"https:\/\/iyengaryogacentre.brussels\/fr\/wp-json\/wp\/v2\/pages\/2\/revisions"}],"predecessor-version":[{"id":882,"href":"https:\/\/iyengaryogacentre.brussels\/fr\/wp-json\/wp\/v2\/pages\/2\/revisions\/882"}],"wp:attachment":[{"href":"https:\/\/iyengaryogacentre.brussels\/fr\/wp-json\/wp\/v2\/media?parent=2"}],"curies":[{"name":"wp","href":"https:\/\/api.w.org\/{rel}","templated":true}]}}