{"id":32,"date":"2016-06-20T16:27:53","date_gmt":"2016-06-20T14:27:53","guid":{"rendered":"https:\/\/jokebuts.be\/yogacentre\/fr\/?page_id=32"},"modified":"2025-02-23T17:27:14","modified_gmt":"2025-02-23T16:27:14","slug":"retraites","status":"publish","type":"page","link":"https:\/\/iyengaryogacentre.brussels\/fr\/retraites\/","title":{"rendered":"Retraites"},"content":{"rendered":"<p>Une retraite est une excellente occasion de d\u00e9couvrir la force et la valeur du yoga Iyengar en travaillant en profondeur sur les multiples couches et facettes de notre exp\u00e9rience humaine : physique, mentale, \u00e9motionnelle et spirituelle.<\/p>\n<p>En prenant du recul par rapport \u00e0 nos routines et habitudes quotidiennes, une retraite offre les meilleures conditions possibles pour travailler sur notre d\u00e9veloppement personnel, nous permettant ainsi d\u2019\u00e9voluer sur notre chemin spirituel et yogique.<\/p>\n<div class=\"simcal-calendar simcal-default-calendar simcal-default-calendar-list simcal-default-calendar-light\" data-calendar-id=\"30\" data-timezone=\"Europe\/Brussels\" data-offset=\"7200\" data-week-start=\"1\" data-calendar-start=\"1776808800\" data-calendar-end=\"1776808800\" data-events-first=\"0\" data-events-last=\"0\"><div class=\"simcal-calendar-list \"><dl class=\"simcal-events-list-container\" data-prev=\"0\" data-next=\"1776808800\" data-heading-small=\"2026, 22 Avr\" data-heading-large=\"mercredi 22\/04\/2026\">\t<p> Il n'y a pas d'\u00e9v\u00e9nements \u00e0 venir.\t<\/p>\n<\/dl><div class=\"simcal-ajax-loader simcal-spinner-top\" style=\"display: none;\"><i class=\"simcal-icon-spinner simcal-icon-spin\"><\/i><\/div><\/div><\/div>\n","protected":false},"excerpt":{"rendered":"Une retraite est une excellente occasion de d\u00e9couvrir la force et la valeur du yoga Iyengar en travaillant en profondeur sur les multiples couches et facettes de notre exp\u00e9rience humaine : physique, mentale, \u00e9motionnelle et spirituelle. En prenant du recul par rapport \u00e0 nos routines et habitudes quotidiennes, une retraite offre les meilleures conditions possibles&#8230; <a class=\"view-article\" href=\"https:\/\/iyengaryogacentre.brussels\/fr\/retraites\/\">View Article<\/a>","protected":false},"author":1,"featured_media":0,"parent":0,"menu_order":0,"comment_status":"closed","ping_status":"closed","template":"","meta":{"_themeisle_gutenberg_block_has_review":false,"footnotes":""},"class_list":["post-32","page","type-page","status-publish","hentry"],"aioseo_notices":[],"_links":{"self":[{"href":"https:\/\/iyengaryogacentre.brussels\/fr\/wp-json\/wp\/v2\/pages\/32","targetHints":{"allow":["GET"]}}],"collection":[{"href":"https:\/\/iyengaryogacentre.brussels\/fr\/wp-json\/wp\/v2\/pages"}],"about":[{"href":"https:\/\/iyengaryogacentre.brussels\/fr\/wp-json\/wp\/v2\/types\/page"}],"author":[{"embeddable":true,"href":"https:\/\/iyengaryogacentre.brussels\/fr\/wp-json\/wp\/v2\/users\/1"}],"replies":[{"embeddable":true,"href":"https:\/\/iyengaryogacentre.brussels\/fr\/wp-json\/wp\/v2\/comments?post=32"}],"version-history":[{"count":12,"href":"https:\/\/iyengaryogacentre.brussels\/fr\/wp-json\/wp\/v2\/pages\/32\/revisions"}],"predecessor-version":[{"id":707,"href":"https:\/\/iyengaryogacentre.brussels\/fr\/wp-json\/wp\/v2\/pages\/32\/revisions\/707"}],"wp:attachment":[{"href":"https:\/\/iyengaryogacentre.brussels\/fr\/wp-json\/wp\/v2\/media?parent=32"}],"curies":[{"name":"wp","href":"https:\/\/api.w.org\/{rel}","templated":true}]}}