{"id":43,"date":"2016-06-20T16:45:28","date_gmt":"2016-06-20T14:45:28","guid":{"rendered":"https:\/\/jokebuts.be\/yogacentre\/fr\/?page_id=43"},"modified":"2025-02-23T17:45:43","modified_gmt":"2025-02-23T16:45:43","slug":"professeurs","status":"publish","type":"page","link":"https:\/\/iyengaryogacentre.brussels\/fr\/professeurs\/","title":{"rendered":"Professeurs"},"content":{"rendered":"\n<h3 class=\"wp-block-heading\"><strong>Thijsje Strypens<\/strong><\/h3>\n\n\n\n<p>Professeure certifi\u00e9e de Yoga Iyengar, dipl\u00f4m\u00e9e depuis 2008<br><a>thijsje@iyengaryogacentre.brussels<\/a><br>0489 55 00 92<\/p>\n\n\n\n<p>__________________________________<\/p>\n\n\n\n<h3 class=\"wp-block-heading\"><strong>Silvia Ubieta<\/strong><\/h3>\n\n\n\n<p>Professeure certifi\u00e9e de Yoga Iyengar, dipl\u00f4m\u00e9e depuis 2008<br><a>subieta.yoga@gmail.com<\/a><br>0478 73 25 46<\/p>\n\n\n\n<p>__________________________________<\/p>\n\n\n\n<h3 class=\"wp-block-heading\"><strong>Sergio Carrera Nunez<\/strong><\/h3>\n\n\n\n<p>Professeur certifi\u00e9 de Yoga Iyengar depuis 2024<br><a>sergio.carrera.nunez@gmail.com<\/a><br>0499 42 32 44<\/p>\n\n\n\n<p>__________________________________<\/p>\n\n\n\n<h3 class=\"wp-block-heading\"><strong>Alexis Simon<\/strong>, fondateur<\/h3>\n\n\n\n<p>Professeur certifi\u00e9 de Yoga Iyengar, dipl\u00f4m\u00e9 depuis 1997<br><a href=\"http:\/\/www.alexissimonyoga.com\">www.alexissimonyoga.com<\/a><\/p>\n\n\n\n<p><\/p>\n","protected":false},"excerpt":{"rendered":"Thijsje Strypens Professeure certifi\u00e9e de Yoga Iyengar, dipl\u00f4m\u00e9e depuis 2008thijsje@iyengaryogacentre.brussels0489 55 00 92 __________________________________ Silvia Ubieta Professeure certifi\u00e9e de Yoga Iyengar, dipl\u00f4m\u00e9e depuis 2008subieta.yoga@gmail.com0478 73 25 46 __________________________________ Sergio Carrera Nunez Professeur certifi\u00e9 de Yoga Iyengar depuis 2024sergio.carrera.nunez@gmail.com0499 42 32 44 __________________________________ Alexis Simon, fondateur Professeur certifi\u00e9 de Yoga Iyengar, dipl\u00f4m\u00e9 depuis 1997www.alexissimonyoga.com","protected":false},"author":1,"featured_media":0,"parent":0,"menu_order":0,"comment_status":"closed","ping_status":"closed","template":"","meta":{"_themeisle_gutenberg_block_has_review":false,"footnotes":""},"class_list":["post-43","page","type-page","status-publish","hentry"],"aioseo_notices":[],"_links":{"self":[{"href":"https:\/\/iyengaryogacentre.brussels\/fr\/wp-json\/wp\/v2\/pages\/43","targetHints":{"allow":["GET"]}}],"collection":[{"href":"https:\/\/iyengaryogacentre.brussels\/fr\/wp-json\/wp\/v2\/pages"}],"about":[{"href":"https:\/\/iyengaryogacentre.brussels\/fr\/wp-json\/wp\/v2\/types\/page"}],"author":[{"embeddable":true,"href":"https:\/\/iyengaryogacentre.brussels\/fr\/wp-json\/wp\/v2\/users\/1"}],"replies":[{"embeddable":true,"href":"https:\/\/iyengaryogacentre.brussels\/fr\/wp-json\/wp\/v2\/comments?post=43"}],"version-history":[{"count":19,"href":"https:\/\/iyengaryogacentre.brussels\/fr\/wp-json\/wp\/v2\/pages\/43\/revisions"}],"predecessor-version":[{"id":643,"href":"https:\/\/iyengaryogacentre.brussels\/fr\/wp-json\/wp\/v2\/pages\/43\/revisions\/643"}],"wp:attachment":[{"href":"https:\/\/iyengaryogacentre.brussels\/fr\/wp-json\/wp\/v2\/media?parent=43"}],"curies":[{"name":"wp","href":"https:\/\/api.w.org\/{rel}","templated":true}]}}