{"id":47,"date":"2016-06-20T16:50:27","date_gmt":"2016-06-20T14:50:27","guid":{"rendered":"https:\/\/jokebuts.be\/yogacentre\/fr\/?page_id=47"},"modified":"2025-09-12T15:27:44","modified_gmt":"2025-09-12T13:27:44","slug":"yoga-pour-enfants","status":"publish","type":"page","link":"https:\/\/iyengaryogacentre.brussels\/fr\/yoga-pour-enfants\/","title":{"rendered":"yoga pour enfants"},"content":{"rendered":"<h2>(\u00e0 partir de 7 ans)<\/h2>\n<p>pratiquer le yoga aide les enfants \u00e0 d\u00e9velopper :<\/p>\n<ul>\n<li>agilit\u00e9<\/li>\n<li>d\u00e9fi physique<\/li>\n<li>d\u00e9veloppement de la force<\/li>\n<li>concentration<\/li>\n<li>introduction \u00e0 la discipline au sein d&rsquo;un groupe<\/li>\n<li>connaissance de soi<\/li>\n<li>confiance en soi<\/li>\n<li>fun;)<\/li>\n<\/ul>\n\n\n<p><\/p>\n","protected":false},"excerpt":{"rendered":"(\u00e0 partir de 7 ans) pratiquer le yoga aide les enfants \u00e0 d\u00e9velopper : agilit\u00e9 d\u00e9fi physique d\u00e9veloppement de la force concentration introduction \u00e0 la discipline au sein d&rsquo;un groupe connaissance de soi confiance en soi fun;)","protected":false},"author":1,"featured_media":0,"parent":0,"menu_order":0,"comment_status":"closed","ping_status":"closed","template":"","meta":{"_themeisle_gutenberg_block_has_review":false,"footnotes":""},"class_list":["post-47","page","type-page","status-publish","hentry"],"aioseo_notices":[],"_links":{"self":[{"href":"https:\/\/iyengaryogacentre.brussels\/fr\/wp-json\/wp\/v2\/pages\/47","targetHints":{"allow":["GET"]}}],"collection":[{"href":"https:\/\/iyengaryogacentre.brussels\/fr\/wp-json\/wp\/v2\/pages"}],"about":[{"href":"https:\/\/iyengaryogacentre.brussels\/fr\/wp-json\/wp\/v2\/types\/page"}],"author":[{"embeddable":true,"href":"https:\/\/iyengaryogacentre.brussels\/fr\/wp-json\/wp\/v2\/users\/1"}],"replies":[{"embeddable":true,"href":"https:\/\/iyengaryogacentre.brussels\/fr\/wp-json\/wp\/v2\/comments?post=47"}],"version-history":[{"count":16,"href":"https:\/\/iyengaryogacentre.brussels\/fr\/wp-json\/wp\/v2\/pages\/47\/revisions"}],"predecessor-version":[{"id":858,"href":"https:\/\/iyengaryogacentre.brussels\/fr\/wp-json\/wp\/v2\/pages\/47\/revisions\/858"}],"wp:attachment":[{"href":"https:\/\/iyengaryogacentre.brussels\/fr\/wp-json\/wp\/v2\/media?parent=47"}],"curies":[{"name":"wp","href":"https:\/\/api.w.org\/{rel}","templated":true}]}}