{"id":67,"date":"2016-08-31T12:31:40","date_gmt":"2016-08-31T10:31:40","guid":{"rendered":"https:\/\/iyengaryogacentre.brussels\/fr\/?page_id=67"},"modified":"2025-07-25T17:58:23","modified_gmt":"2025-07-25T15:58:23","slug":"tarifs","status":"publish","type":"page","link":"https:\/\/iyengaryogacentre.brussels\/fr\/tarifs\/","title":{"rendered":"Tarifs &amp; r\u00e9glement"},"content":{"rendered":"<h3>Tarifs des Cours<\/h3>\n<ul>\n<li>Cours \u00e0 l&rsquo;unit\u00e9 : 19 \u20ac \/ \u00c9tudiants : 14 \u20ac<\/li>\n<li>Carte de 4 cours : 65 \u20ac (validit\u00e9 de 8 semaines)<\/li>\n<li>Carte de 10 cours : 140 \u20ac (validit\u00e9 de 8 semaines)<\/li>\n<\/ul>\n<p>Les cartes de cours sont valables pendant 8 semaines et sont <strong>non transf\u00e9rables<\/strong>, sauf pour les membres de la famille ou les couples qui peuvent partager une carte.<br \/>Aucune prolongation, remboursement ou cr\u00e9dit n\u2019est possible.<\/p>\n<h3>D\u00e9tails Bancaires<\/h3>\n<p>Abhyasa Yoga Brussels asbl \u2013 1000 Bruxelles<br \/>IBAN : BE56 0689 0015 6488 \u2013 BIC : GKCCBEBB<\/p>\n<p><strong>Veuillez mentionner : Iyengar<\/strong> \/ cours ou abonnement lors de votre paiement.<\/p>\n<hr style=\"width: 50%;margin: 30px auto\" \/>\n<h3>R\u00e8glement<\/h3>\n<ul>\n<li>Il est conseill\u00e9 de ne pas manger au moins deux heures avant le cours.<\/li>\n<li>Portez des v\u00eatements confortables adapt\u00e9s \u00e0 la pratique (short, legging, t-shirt).<\/li>\n<li>Pour votre premier cours, vous devrez remplir un formulaire d&rsquo;inscription et signer une d\u00e9charge de sant\u00e9.<\/li>\n<\/ul>\n<p>Si vous \u00eates enceinte, en p\u00e9riode menstruelle, ou si vous avez des pr\u00e9occupations de sant\u00e9, veuillez informer le professeur avant le cours.<\/p>\n<ul>\n<li>Le shala ouvre 15 minutes avant le cours ; il est pr\u00e9f\u00e9rable d\u2019\u00e9viter d\u2019arriver trop t\u00f4t.<\/li>\n<li>Veuillez \u00e9teindre votre t\u00e9l\u00e9phone, m\u00eame \u00e0 l\u2019ext\u00e9rieur du shala, afin de maintenir un environnement paisible.<\/li>\n<li>Nous appr\u00e9cions une ambiance calme et respectueuse dans le centre, car les vestiaires sont proches du shala d\u2019Ashtanga, o\u00f9 des \u00e9tudiants peuvent \u00eatre en train de pratiquer.<\/li>\n<\/ul>\n<p>Tout le mat\u00e9riel est disponible sur place, mais vous pouvez apporter votre propre tapis.<br \/>Si vous utilisez un tapis du studio, merci de le nettoyer apr\u00e8s le cours.<br \/>Il est recommand\u00e9 d&rsquo;apporter une serviette si vous pr\u00e9voyez d&rsquo;utiliser des couvertures pendant la pratique.<\/p>\n\n\n<p><\/p>\n","protected":false},"excerpt":{"rendered":"Tarifs des Cours Cours \u00e0 l&rsquo;unit\u00e9 : 19 \u20ac \/ \u00c9tudiants : 14 \u20ac Carte de 4 cours : 65 \u20ac (validit\u00e9 de 8 semaines) Carte de 10 cours : 140 \u20ac (validit\u00e9 de 8 semaines) Les cartes de cours sont valables pendant 8 semaines et sont non transf\u00e9rables, sauf pour les membres de la&#8230; <a class=\"view-article\" href=\"https:\/\/iyengaryogacentre.brussels\/fr\/tarifs\/\">View Article<\/a>","protected":false},"author":3,"featured_media":0,"parent":0,"menu_order":0,"comment_status":"closed","ping_status":"closed","template":"","meta":{"_themeisle_gutenberg_block_has_review":false,"footnotes":""},"class_list":["post-67","page","type-page","status-publish","hentry"],"aioseo_notices":[],"_links":{"self":[{"href":"https:\/\/iyengaryogacentre.brussels\/fr\/wp-json\/wp\/v2\/pages\/67","targetHints":{"allow":["GET"]}}],"collection":[{"href":"https:\/\/iyengaryogacentre.brussels\/fr\/wp-json\/wp\/v2\/pages"}],"about":[{"href":"https:\/\/iyengaryogacentre.brussels\/fr\/wp-json\/wp\/v2\/types\/page"}],"author":[{"embeddable":true,"href":"https:\/\/iyengaryogacentre.brussels\/fr\/wp-json\/wp\/v2\/users\/3"}],"replies":[{"embeddable":true,"href":"https:\/\/iyengaryogacentre.brussels\/fr\/wp-json\/wp\/v2\/comments?post=67"}],"version-history":[{"count":21,"href":"https:\/\/iyengaryogacentre.brussels\/fr\/wp-json\/wp\/v2\/pages\/67\/revisions"}],"predecessor-version":[{"id":846,"href":"https:\/\/iyengaryogacentre.brussels\/fr\/wp-json\/wp\/v2\/pages\/67\/revisions\/846"}],"wp:attachment":[{"href":"https:\/\/iyengaryogacentre.brussels\/fr\/wp-json\/wp\/v2\/media?parent=67"}],"curies":[{"name":"wp","href":"https:\/\/api.w.org\/{rel}","templated":true}]}}